{"id":55,"date":"2021-09-11T14:14:28","date_gmt":"2021-09-11T12:14:28","guid":{"rendered":"https:\/\/www.ensembleharmoniquestmichel91.fr\/?page_id=55"},"modified":"2026-02-23T12:25:29","modified_gmt":"2026-02-23T11:25:29","slug":"la-fete-des-vents","status":"publish","type":"page","link":"https:\/\/www.ensembleharmoniquestmichel91.fr\/index.php\/la-fete-des-vents\/","title":{"rendered":"La F\u00eate des Vents\u00ae"},"content":{"rendered":"\n<div style=\"height:20px\" aria-hidden=\"true\" class=\"wp-block-spacer\"><\/div>\n\n\n<nav style=\"color: #58ac25; font-size:18px;\" class=\"has-text-color is-responsive items-justified-space-between wp-block-navigation is-content-justification-space-between is-layout-flex wp-container-core-navigation-is-layout-b2891da8 wp-block-navigation-is-layout-flex\" aria-label=\"F\u00eate des Vents\" \n\t\t data-wp-interactive=\"core\/navigation\" data-wp-context='{\"overlayOpenedBy\":{\"click\":false,\"hover\":false,\"focus\":false},\"type\":\"overlay\",\"roleAttribute\":\"\",\"ariaLabel\":\"Menu\"}'><button aria-haspopup=\"dialog\" aria-label=\"Ouvrir le menu\" class=\"wp-block-navigation__responsive-container-open\" \n\t\t\t\tdata-wp-on--click=\"actions.openMenuOnClick\"\n\t\t\t\tdata-wp-on--keydown=\"actions.handleMenuKeydown\"\n\t\t\t><svg width=\"24\" height=\"24\" xmlns=\"http:\/\/www.w3.org\/2000\/svg\" viewBox=\"0 0 24 24\" aria-hidden=\"true\" focusable=\"false\"><path d=\"M4 7.5h16v1.5H4z\"><\/path><path d=\"M4 15h16v1.5H4z\"><\/path><\/svg><\/button>\n\t\t\t\t<div class=\"wp-block-navigation__responsive-container\"  id=\"modal-1\" \n\t\t\t\tdata-wp-class--has-modal-open=\"state.isMenuOpen\"\n\t\t\t\tdata-wp-class--is-menu-open=\"state.isMenuOpen\"\n\t\t\t\tdata-wp-watch=\"callbacks.initMenu\"\n\t\t\t\tdata-wp-on--keydown=\"actions.handleMenuKeydown\"\n\t\t\t\tdata-wp-on--focusout=\"actions.handleMenuFocusout\"\n\t\t\t\ttabindex=\"-1\"\n\t\t\t>\n\t\t\t\t\t<div class=\"wp-block-navigation__responsive-close\" tabindex=\"-1\">\n\t\t\t\t\t\t<div class=\"wp-block-navigation__responsive-dialog\" \n\t\t\t\tdata-wp-bind--aria-modal=\"state.ariaModal\"\n\t\t\t\tdata-wp-bind--aria-label=\"state.ariaLabel\"\n\t\t\t\tdata-wp-bind--role=\"state.roleAttribute\"\n\t\t\t>\n\t\t\t\t\t\t\t<button aria-label=\"Fermer le menu\" class=\"wp-block-navigation__responsive-container-close\" \n\t\t\t\tdata-wp-on--click=\"actions.closeMenuOnClick\"\n\t\t\t><svg xmlns=\"http:\/\/www.w3.org\/2000\/svg\" viewBox=\"0 0 24 24\" width=\"24\" height=\"24\" aria-hidden=\"true\" focusable=\"false\"><path d=\"m13.06 12 6.47-6.47-1.06-1.06L12 10.94 5.53 4.47 4.47 5.53 10.94 12l-6.47 6.47 1.06 1.06L12 13.06l6.47 6.47 1.06-1.06L13.06 12Z\"><\/path><\/svg><\/button>\n\t\t\t\t\t\t\t<div class=\"wp-block-navigation__responsive-container-content\" \n\t\t\t\tdata-wp-watch=\"callbacks.focusFirstElement\"\n\t\t\t id=\"modal-1-content\">\n\t\t\t\t\t\t\t\t<ul style=\"color: #58ac25; font-size:18px;\" class=\"wp-block-navigation__container has-text-color is-responsive items-justified-space-between wp-block-navigation\"><li style=\"font-size: 18px;\" class=\" wp-block-navigation-item wp-block-navigation-link\"><a class=\"wp-block-navigation-item__content\"  href=\"https:\/\/www.ensembleharmoniquestmichel91.fr\/index.php\/la-fete-des-vents\/\"><span class=\"wp-block-navigation-item__label\"><strong><em>La F\u00eate des Vents\u00ae<\/em><\/strong><\/span><\/a><\/li><li style=\"font-size: 18px;\" class=\" wp-block-navigation-item wp-block-navigation-link\"><a class=\"wp-block-navigation-item__content\"  href=\"https:\/\/www.ensembleharmoniquestmichel91.fr\/index.php\/fete-des-vents-2\/\"><span class=\"wp-block-navigation-item__label\"><strong><em>Le Concept<\/em><\/strong><\/span><\/a><\/li><li style=\"font-size: 18px;\" class=\" wp-block-navigation-item wp-block-navigation-link\"><a class=\"wp-block-navigation-item__content\"  href=\"https:\/\/www.ensembleharmoniquestmichel91.fr\/index.php\/deroulement\/\"><span class=\"wp-block-navigation-item__label\"><strong><em>D\u00e9roulement et Infos pratiques<\/em><\/strong><\/span><\/a><\/li><li style=\"font-size: 18px;\" class=\" wp-block-navigation-item wp-block-navigation-link\"><a class=\"wp-block-navigation-item__content\"  href=\"https:\/\/www.ensembleharmoniquestmichel91.fr\/index.php\/contacts-fete-des-vents\/\"><span class=\"wp-block-navigation-item__label\"><strong><em>Contacts<\/em><\/strong><\/span><\/a><\/li><li style=\"font-size: 18px;\" class=\" wp-block-navigation-item wp-block-navigation-link\"><a class=\"wp-block-navigation-item__content\"  href=\"https:\/\/www.ensembleharmoniquestmichel91.fr\/index.php\/partenaires-de-la-fete-des-vents\/\"><span class=\"wp-block-navigation-item__label\"><strong><em>Les Partenaires<\/em><\/strong><\/span><\/a><\/li><\/ul>\n\t\t\t\t\t\t\t<\/div>\n\t\t\t\t\t\t<\/div>\n\t\t\t\t\t<\/div>\n\t\t\t\t<\/div><\/nav>\n\n\n<div style=\"height:40px\" aria-hidden=\"true\" class=\"wp-block-spacer\"><\/div>\n\n\n\n<figure class=\"wp-block-gallery aligncenter has-nested-images columns-default is-cropped wp-block-gallery-2 is-layout-flex wp-block-gallery-is-layout-flex\">\n<figure class=\"wp-block-image size-large is-style-default\"><img loading=\"lazy\" decoding=\"async\" width=\"1024\" height=\"214\" data-id=\"815\" src=\"https:\/\/www.ensembleharmoniquestmichel91.fr\/wp-content\/uploads\/2022\/03\/banniere-site-web-1024x214.jpg\" alt=\"\" class=\"wp-image-815\" srcset=\"https:\/\/www.ensembleharmoniquestmichel91.fr\/wp-content\/uploads\/2022\/03\/banniere-site-web-1024x214.jpg 1024w, https:\/\/www.ensembleharmoniquestmichel91.fr\/wp-content\/uploads\/2022\/03\/banniere-site-web-600x125.jpg 600w, https:\/\/www.ensembleharmoniquestmichel91.fr\/wp-content\/uploads\/2022\/03\/banniere-site-web-768x161.jpg 768w, https:\/\/www.ensembleharmoniquestmichel91.fr\/wp-content\/uploads\/2022\/03\/banniere-site-web-1140x238.jpg 1140w, https:\/\/www.ensembleharmoniquestmichel91.fr\/wp-content\/uploads\/2022\/03\/banniere-site-web.jpg 1444w\" sizes=\"auto, (max-width: 1024px) 100vw, 1024px\" \/><\/figure>\n<\/figure>\n\n\n\n<div style=\"height:36px\" aria-hidden=\"true\" class=\"wp-block-spacer\"><\/div>\n\n\n\n<div class=\"wp-block-media-text alignwide is-stacked-on-mobile\" style=\"grid-template-columns:27% auto\"><figure class=\"wp-block-media-text__media\"><img loading=\"lazy\" decoding=\"async\" width=\"727\" height=\"485\" src=\"https:\/\/www.ensembleharmoniquestmichel91.fr\/wp-content\/uploads\/2022\/01\/img_7056.jpg\" alt=\"\" class=\"wp-image-259 size-full\" srcset=\"https:\/\/www.ensembleharmoniquestmichel91.fr\/wp-content\/uploads\/2022\/01\/img_7056.jpg 727w, https:\/\/www.ensembleharmoniquestmichel91.fr\/wp-content\/uploads\/2022\/01\/img_7056-300x200.jpg 300w\" sizes=\"auto, (max-width: 727px) 100vw, 727px\" \/><\/figure><div class=\"wp-block-media-text__content\">\n<p style=\"font-size:18px\">Chaque ann\u00e9e, depuis l\u2019an 2000, dans le contexte de la \u00ab&nbsp;F\u00eate de la Musique&nbsp;\u00bb, l\u2019<strong>Ensemble Harmonique de Saint-Michel <\/strong>organise son festival d\u2019orchestres \u00e0 vent, \u00ab&nbsp;La F\u00eate des Vents\u00ae&nbsp;\u00bb \u00e0 Saint-Michel-sur-Orge, en Essonne.<\/p>\n\n\n\n<p style=\"font-size:18px\">La prochaine F\u00eate des Vents\u00ae se tiendra le <mark style=\"background-color:rgba(0, 0, 0, 0)\" class=\"has-inline-color has-luminous-vivid-orange-color\"><strong>dimanche 28 juin 2026<\/strong>.<\/mark><\/p>\n<\/div><\/div>\n\n\n\n<p class=\"has-text-align-center\"><\/p>\n\n\n\n<p class=\"has-text-align-center\"><\/p>\n\n\n\n<div style=\"height:40px\" aria-hidden=\"true\" class=\"wp-block-spacer\"><\/div>\n\n\n\n<div class=\"wp-block-group alignwide\"><div class=\"wp-block-group__inner-container is-layout-flow wp-block-group-is-layout-flow\">\n<div class=\"wp-block-columns alignwide is-layout-flex wp-container-core-columns-is-layout-28f84493 wp-block-columns-is-layout-flex\">\n<div class=\"wp-block-column is-vertically-aligned-center is-layout-flow wp-block-column-is-layout-flow\" style=\"flex-basis:50%\">\n<p class=\"has-text-align-center has-luminous-vivid-orange-color has-text-color has-medium-font-size\"><strong><strong>Orchestres d\u2019harmonies, big bands, fanfares, petites formations, chorales\u2026<\/strong><\/strong><\/p>\n\n\n\n<p style=\"font-size:18px\"><strong>Le dimanche 28 juin : 11 h 00 \u00e0 19 h 00<\/strong>, <br>rythm\u00e9e et agr\u00e9ment\u00e9e parfois de quelques petits interm\u00e8des \u00a0\u00bb surprise \u00ab\u00a0, se d\u00e9roule \u00ab\u00a0La F\u00eate de Vents\u00ae\u00a0\u00bb, cl\u00f4tur\u00e9e traditionnellement par l&rsquo;<strong>Ensemble Harmonique de St Michel sur orge<\/strong><\/p>\n\n\n\n<p style=\"font-size:18px\"><strong>Le dimanche matin<\/strong>, un groupe d\u00e9filant proc\u00e8de \u00e0 de petites aubades en diff\u00e9rents lieux de la ville, pour promouvoir la F\u00eate et sa promesse d&rsquo;un apr\u00e8s-midi musical d&rsquo;exception.<\/p>\n\n\n\n<p style=\"font-size:18px\">Sur le site de la F\u00eate des Vents\u00ae, deux ou trois plateaux sont install\u00e9s pour permettre aux ensembles de se succ\u00e9der sans interruption.<\/p>\n\n\n\n<div class=\"wp-block-group is-vertical is-layout-flex wp-container-core-group-is-layout-fe9cc265 wp-block-group-is-layout-flex\">\n<p style=\"font-size:18px\">Depuis juin 2024, La F\u00eate des Vents\u00aes&rsquo;installe dans la Vall\u00e9e de l&rsquo;Orge (pr\u00e8s de la piscine) <br><\/p>\n\n\n\n<p style=\"font-size:18px\"><strong><em><a href=\"https:\/\/www.google.fr\/maps\/place\/Street+Workout\/@48.6356773,2.2967367,17z\/data=!3m1!4b1!4m6!3m5!1s0x47e5d91915c4dd05:0x5744a70dcd330e3e!8m2!3d48.6356773!4d2.2993116!16s%2Fg%2F11rz2g08vr?entry=ttu&amp;g_ep=EgoyMDI1MDUxMi4wIKXMDSoASAFQAw%3D%3D\">All\u00e9e des Prairies &#8211; 91240 Saint Michel sur Orge<\/a><\/em><\/strong><\/p>\n<\/div>\n<\/div>\n\n\n\n<div class=\"wp-block-column is-vertically-aligned-center is-layout-flow wp-block-column-is-layout-flow\" style=\"flex-basis:50%\">\n<figure class=\"wp-block-gallery has-nested-images columns-default is-cropped wp-block-gallery-3 is-layout-flex wp-block-gallery-is-layout-flex\">\n<figure class=\"wp-block-image size-full\"><img loading=\"lazy\" decoding=\"async\" width=\"683\" height=\"485\" data-id=\"245\" src=\"https:\/\/www.ensembleharmoniquestmichel91.fr\/wp-content\/uploads\/2022\/01\/fdv_21.jpg\" alt=\"\" class=\"wp-image-245\" srcset=\"https:\/\/www.ensembleharmoniquestmichel91.fr\/wp-content\/uploads\/2022\/01\/fdv_21.jpg 683w, https:\/\/www.ensembleharmoniquestmichel91.fr\/wp-content\/uploads\/2022\/01\/fdv_21-300x213.jpg 300w\" sizes=\"auto, (max-width: 683px) 100vw, 683px\" \/><\/figure>\n\n\n\n<figure class=\"wp-block-image size-full\"><img loading=\"lazy\" decoding=\"async\" width=\"728\" height=\"485\" data-id=\"300\" src=\"https:\/\/www.ensembleharmoniquestmichel91.fr\/wp-content\/uploads\/2022\/01\/img_9328.jpg\" alt=\"\" class=\"wp-image-300\" srcset=\"https:\/\/www.ensembleharmoniquestmichel91.fr\/wp-content\/uploads\/2022\/01\/img_9328.jpg 728w, https:\/\/www.ensembleharmoniquestmichel91.fr\/wp-content\/uploads\/2022\/01\/img_9328-300x200.jpg 300w\" sizes=\"auto, (max-width: 728px) 100vw, 728px\" \/><\/figure>\n\n\n\n<figure class=\"wp-block-image size-full\"><img loading=\"lazy\" decoding=\"async\" width=\"727\" height=\"485\" data-id=\"270\" src=\"https:\/\/www.ensembleharmoniquestmichel91.fr\/wp-content\/uploads\/2022\/01\/img_7163.jpg\" alt=\"\" class=\"wp-image-270\" srcset=\"https:\/\/www.ensembleharmoniquestmichel91.fr\/wp-content\/uploads\/2022\/01\/img_7163.jpg 727w, https:\/\/www.ensembleharmoniquestmichel91.fr\/wp-content\/uploads\/2022\/01\/img_7163-300x200.jpg 300w\" sizes=\"auto, (max-width: 727px) 100vw, 727px\" \/><\/figure>\n<\/figure>\n\n\n\n<div style=\"height:32px\" aria-hidden=\"true\" class=\"wp-block-spacer\"><\/div>\n\n\n\n<figure class=\"wp-block-image\"><img loading=\"lazy\" decoding=\"async\" width=\"727\" height=\"485\" src=\"https:\/\/www.ensembleharmoniquestmichel91.fr\/wp-content\/uploads\/2022\/01\/img_7323.jpg\" alt=\"\" class=\"wp-image-296\" srcset=\"https:\/\/www.ensembleharmoniquestmichel91.fr\/wp-content\/uploads\/2022\/01\/img_7323.jpg 727w, https:\/\/www.ensembleharmoniquestmichel91.fr\/wp-content\/uploads\/2022\/01\/img_7323-300x200.jpg 300w\" sizes=\"auto, (max-width: 727px) 100vw, 727px\" \/><\/figure>\n<\/div>\n<\/div>\n<\/div><\/div>\n\n\n\n<div style=\"height:40px\" aria-hidden=\"true\" class=\"wp-block-spacer\"><\/div>\n\n\n\n<figure class=\"wp-block-gallery has-nested-images columns-default is-cropped wp-block-gallery-4 is-layout-flex wp-block-gallery-is-layout-flex\">\n<figure class=\"wp-block-image size-large\"><img loading=\"lazy\" decoding=\"async\" width=\"728\" height=\"485\" data-id=\"301\" src=\"https:\/\/www.ensembleharmoniquestmichel91.fr\/wp-content\/uploads\/2022\/01\/img_9341.jpg\" alt=\"\" class=\"wp-image-301\" srcset=\"https:\/\/www.ensembleharmoniquestmichel91.fr\/wp-content\/uploads\/2022\/01\/img_9341.jpg 728w, https:\/\/www.ensembleharmoniquestmichel91.fr\/wp-content\/uploads\/2022\/01\/img_9341-300x200.jpg 300w\" sizes=\"auto, (max-width: 728px) 100vw, 728px\" \/><\/figure>\n\n\n\n<figure class=\"wp-block-image size-large\"><img loading=\"lazy\" decoding=\"async\" width=\"728\" height=\"485\" data-id=\"297\" src=\"https:\/\/www.ensembleharmoniquestmichel91.fr\/wp-content\/uploads\/2022\/01\/img_9283.jpg\" alt=\"\" class=\"wp-image-297\" srcset=\"https:\/\/www.ensembleharmoniquestmichel91.fr\/wp-content\/uploads\/2022\/01\/img_9283.jpg 728w, https:\/\/www.ensembleharmoniquestmichel91.fr\/wp-content\/uploads\/2022\/01\/img_9283-300x200.jpg 300w\" sizes=\"auto, (max-width: 728px) 100vw, 728px\" \/><\/figure>\n\n\n\n<figure class=\"wp-block-image size-full\"><img loading=\"lazy\" decoding=\"async\" width=\"721\" height=\"485\" data-id=\"244\" src=\"https:\/\/www.ensembleharmoniquestmichel91.fr\/wp-content\/uploads\/2022\/01\/fdv_20.jpg\" alt=\"\" class=\"wp-image-244\" srcset=\"https:\/\/www.ensembleharmoniquestmichel91.fr\/wp-content\/uploads\/2022\/01\/fdv_20.jpg 721w, https:\/\/www.ensembleharmoniquestmichel91.fr\/wp-content\/uploads\/2022\/01\/fdv_20-300x202.jpg 300w\" sizes=\"auto, (max-width: 721px) 100vw, 721px\" \/><\/figure>\n<\/figure>\n\n\n\n<div style=\"height:40px\" aria-hidden=\"true\" class=\"wp-block-spacer\"><\/div>\n\n\n\n<div class=\"wp-block-media-text alignwide is-stacked-on-mobile\" style=\"grid-template-columns:35% auto\"><figure class=\"wp-block-media-text__media\"><img loading=\"lazy\" decoding=\"async\" width=\"1024\" height=\"768\" src=\"https:\/\/www.ensembleharmoniquestmichel91.fr\/wp-content\/uploads\/2022\/03\/IMG_0128-1024x768.jpg\" alt=\"\" class=\"wp-image-852 size-full\" srcset=\"https:\/\/www.ensembleharmoniquestmichel91.fr\/wp-content\/uploads\/2022\/03\/IMG_0128-1024x768.jpg 1024w, https:\/\/www.ensembleharmoniquestmichel91.fr\/wp-content\/uploads\/2022\/03\/IMG_0128-600x450.jpg 600w, https:\/\/www.ensembleharmoniquestmichel91.fr\/wp-content\/uploads\/2022\/03\/IMG_0128-768x576.jpg 768w, https:\/\/www.ensembleharmoniquestmichel91.fr\/wp-content\/uploads\/2022\/03\/IMG_0128-1536x1152.jpg 1536w, https:\/\/www.ensembleharmoniquestmichel91.fr\/wp-content\/uploads\/2022\/03\/IMG_0128-2048x1536.jpg 2048w, https:\/\/www.ensembleharmoniquestmichel91.fr\/wp-content\/uploads\/2022\/03\/IMG_0128-1140x855.jpg 1140w\" sizes=\"auto, (max-width: 1024px) 100vw, 1024px\" \/><\/figure><div class=\"wp-block-media-text__content\">\n<p class=\"has-text-align-center has-luminous-vivid-orange-color has-text-color has-large-font-size\"><strong>Plus de 200 musiciens<\/strong><\/p>\n\n\n\n<p class=\"has-luminous-vivid-orange-color has-text-color\" style=\"font-size:30px\"><strong>Concerts Gratuits <\/strong><sub><em>sans interruption<\/em><\/sub><\/p>\n\n\n\n<p class=\"has-text-align-center has-text-color has-medium-font-size\" style=\"color:#58ac25\"><strong>Restauration possible toute la journ\u00e9e<\/strong><\/p>\n<\/div><\/div>\n\n\n\n\n\n<div style=\"height:40px\" aria-hidden=\"true\" class=\"wp-block-spacer\"><\/div>\n\n\n\n<figure class=\"wp-block-gallery has-nested-images columns-default is-cropped wp-block-gallery-5 is-layout-flex wp-block-gallery-is-layout-flex\">\n<figure class=\"wp-block-image size-full\"><img loading=\"lazy\" decoding=\"async\" width=\"727\" height=\"485\" data-id=\"274\" src=\"https:\/\/www.ensembleharmoniquestmichel91.fr\/wp-content\/uploads\/2022\/01\/img_7204.jpg\" alt=\"\" class=\"wp-image-274\" srcset=\"https:\/\/www.ensembleharmoniquestmichel91.fr\/wp-content\/uploads\/2022\/01\/img_7204.jpg 727w, https:\/\/www.ensembleharmoniquestmichel91.fr\/wp-content\/uploads\/2022\/01\/img_7204-300x200.jpg 300w\" sizes=\"auto, (max-width: 727px) 100vw, 727px\" \/><\/figure>\n\n\n\n<figure class=\"wp-block-image size-full\"><img loading=\"lazy\" decoding=\"async\" width=\"706\" height=\"485\" data-id=\"249\" src=\"https:\/\/www.ensembleharmoniquestmichel91.fr\/wp-content\/uploads\/2022\/01\/fdv_25.jpg\" alt=\"\" class=\"wp-image-249\" srcset=\"https:\/\/www.ensembleharmoniquestmichel91.fr\/wp-content\/uploads\/2022\/01\/fdv_25.jpg 706w, https:\/\/www.ensembleharmoniquestmichel91.fr\/wp-content\/uploads\/2022\/01\/fdv_25-300x206.jpg 300w\" sizes=\"auto, (max-width: 706px) 100vw, 706px\" \/><\/figure>\n\n\n\n<figure class=\"wp-block-image size-large\"><img loading=\"lazy\" decoding=\"async\" width=\"727\" height=\"485\" data-id=\"287\" src=\"https:\/\/www.ensembleharmoniquestmichel91.fr\/wp-content\/uploads\/2022\/01\/img_7292.jpg\" alt=\"\" class=\"wp-image-287\" srcset=\"https:\/\/www.ensembleharmoniquestmichel91.fr\/wp-content\/uploads\/2022\/01\/img_7292.jpg 727w, https:\/\/www.ensembleharmoniquestmichel91.fr\/wp-content\/uploads\/2022\/01\/img_7292-300x200.jpg 300w\" sizes=\"auto, (max-width: 727px) 100vw, 727px\" \/><\/figure>\n<\/figure>\n\n\n\n<div style=\"height:41px\" aria-hidden=\"true\" class=\"wp-block-spacer\"><\/div>\n\n\n\n<figure class=\"wp-block-image size-full\"><img loading=\"lazy\" decoding=\"async\" width=\"640\" height=\"314\" src=\"https:\/\/www.ensembleharmoniquestmichel91.fr\/wp-content\/uploads\/2025\/05\/Capture-decran-2023-06-28-a-17.22.40.png\" alt=\"\" class=\"wp-image-1224\" srcset=\"https:\/\/www.ensembleharmoniquestmichel91.fr\/wp-content\/uploads\/2025\/05\/Capture-decran-2023-06-28-a-17.22.40.png 640w, https:\/\/www.ensembleharmoniquestmichel91.fr\/wp-content\/uploads\/2025\/05\/Capture-decran-2023-06-28-a-17.22.40-300x147.png 300w\" sizes=\"auto, (max-width: 640px) 100vw, 640px\" \/><\/figure>\n\n\n\n<figure class=\"wp-block-image size-large\"><img loading=\"lazy\" decoding=\"async\" width=\"724\" height=\"1024\" src=\"https:\/\/www.ensembleharmoniquestmichel91.fr\/wp-content\/uploads\/2024\/02\/2023-12-FDV-Les-groupes-par-ticipants-depuis-la-creation_page-0001-2-1-724x1024.jpg\" alt=\"\" class=\"wp-image-1061\" srcset=\"https:\/\/www.ensembleharmoniquestmichel91.fr\/wp-content\/uploads\/2024\/02\/2023-12-FDV-Les-groupes-par-ticipants-depuis-la-creation_page-0001-2-1-724x1024.jpg 724w, https:\/\/www.ensembleharmoniquestmichel91.fr\/wp-content\/uploads\/2024\/02\/2023-12-FDV-Les-groupes-par-ticipants-depuis-la-creation_page-0001-2-1-424x600.jpg 424w, https:\/\/www.ensembleharmoniquestmichel91.fr\/wp-content\/uploads\/2024\/02\/2023-12-FDV-Les-groupes-par-ticipants-depuis-la-creation_page-0001-2-1-768x1086.jpg 768w, https:\/\/www.ensembleharmoniquestmichel91.fr\/wp-content\/uploads\/2024\/02\/2023-12-FDV-Les-groupes-par-ticipants-depuis-la-creation_page-0001-2-1-1086x1536.jpg 1086w, https:\/\/www.ensembleharmoniquestmichel91.fr\/wp-content\/uploads\/2024\/02\/2023-12-FDV-Les-groupes-par-ticipants-depuis-la-creation_page-0001-2-1-1448x2048.jpg 1448w, https:\/\/www.ensembleharmoniquestmichel91.fr\/wp-content\/uploads\/2024\/02\/2023-12-FDV-Les-groupes-par-ticipants-depuis-la-creation_page-0001-2-1-1140x1612.jpg 1140w, https:\/\/www.ensembleharmoniquestmichel91.fr\/wp-content\/uploads\/2024\/02\/2023-12-FDV-Les-groupes-par-ticipants-depuis-la-creation_page-0001-2-1-scaled.jpg 1810w\" sizes=\"auto, (max-width: 724px) 100vw, 724px\" \/><\/figure>\n","protected":false},"excerpt":{"rendered":"<p>Chaque ann\u00e9e, depuis l\u2019an 2000, dans le contexte de la \u00ab&nbsp;F\u00eate de la Musique&nbsp;\u00bb, l\u2019Ensemble Harmonique de Saint-Michel organise son festival d\u2019orchestres \u00e0 vent, \u00ab&nbsp;La F\u00eate des Vents\u00ae&nbsp;\u00bb \u00e0 Saint-Michel-sur-Orge, en Essonne. La prochaine F\u00eate des Vents\u00ae se tiendra le dimanche 28 juin 2026. Orchestres d\u2019harmonies, big bands, fanfares, petites formations, chorales\u2026 Le dimanche 28 juin : 11 h 00 \u00e0 19 h 00, rythm\u00e9e et agr\u00e9ment\u00e9e parfois de quelques petits interm\u00e8des \u00a0\u00bb surprise \u00ab\u00a0, se d\u00e9roule \u00ab\u00a0La F\u00eate de Vents\u00ae\u00a0\u00bb, cl\u00f4tur\u00e9e traditionnellement par l&rsquo;Ensemble Harmonique de St Michel sur orge Le dimanche matin, un groupe d\u00e9filant proc\u00e8de \u00e0 de petites aubades en diff\u00e9rents lieux de la ville, pour promouvoir la F\u00eate et sa promesse d&rsquo;un apr\u00e8s-midi musical d&rsquo;exception. Sur le site de la F\u00eate des Vents\u00ae, deux ou trois plateaux sont install\u00e9s pour permettre aux ensembles de se succ\u00e9der sans interruption. Depuis juin 2024, La F\u00eate des Vents\u00aes&rsquo;installe dans la Vall\u00e9e de l&rsquo;Orge (pr\u00e8s de la piscine) All\u00e9e des Prairies &#8211; 91240 Saint Michel sur Orge Plus de 200 musiciens Concerts Gratuits sans interruption Restauration possible toute la journ\u00e9e<\/p>\n","protected":false},"author":1,"featured_media":0,"parent":0,"menu_order":0,"comment_status":"closed","ping_status":"closed","template":"","meta":{"footnotes":""},"class_list":["post-55","page","type-page","status-publish","hentry"],"_links":{"self":[{"href":"https:\/\/www.ensembleharmoniquestmichel91.fr\/index.php\/wp-json\/wp\/v2\/pages\/55","targetHints":{"allow":["GET"]}}],"collection":[{"href":"https:\/\/www.ensembleharmoniquestmichel91.fr\/index.php\/wp-json\/wp\/v2\/pages"}],"about":[{"href":"https:\/\/www.ensembleharmoniquestmichel91.fr\/index.php\/wp-json\/wp\/v2\/types\/page"}],"author":[{"embeddable":true,"href":"https:\/\/www.ensembleharmoniquestmichel91.fr\/index.php\/wp-json\/wp\/v2\/users\/1"}],"replies":[{"embeddable":true,"href":"https:\/\/www.ensembleharmoniquestmichel91.fr\/index.php\/wp-json\/wp\/v2\/comments?post=55"}],"version-history":[{"count":119,"href":"https:\/\/www.ensembleharmoniquestmichel91.fr\/index.php\/wp-json\/wp\/v2\/pages\/55\/revisions"}],"predecessor-version":[{"id":1251,"href":"https:\/\/www.ensembleharmoniquestmichel91.fr\/index.php\/wp-json\/wp\/v2\/pages\/55\/revisions\/1251"}],"wp:attachment":[{"href":"https:\/\/www.ensembleharmoniquestmichel91.fr\/index.php\/wp-json\/wp\/v2\/media?parent=55"}],"curies":[{"name":"wp","href":"https:\/\/api.w.org\/{rel}","templated":true}]}}